{"id":771,"date":"2021-10-29T16:06:35","date_gmt":"2021-10-29T14:06:35","guid":{"rendered":"http:\/\/www.nautisea.com\/?page_id=771"},"modified":"2021-11-02T16:11:48","modified_gmt":"2021-11-02T15:11:48","slug":"courtage-de-bateaux-de-plaisance","status":"publish","type":"page","link":"https:\/\/www.nautisea.com\/index.php\/courtage-de-bateaux-de-plaisance\/","title":{"rendered":"Courtage de bateaux de plaisance"},"content":{"rendered":"\n<h2><strong>POUR QUE L\u2019ACHETEUR PUISSE LARGUER LES AMARRES EN TOUTE SECURIT\u00c9<\/strong><\/h2>\n\n\n\n<p><strong>Un partenaire conseil<br><\/strong>D\u00e8s lors qu&rsquo;un particulier a planifi\u00e9 l&rsquo;achat de son bateau, le courtier en bateaux de plaisance analyse ses besoins et cr\u00e9e un cahier des charges. Il aide l&rsquo;acheteur \u00e0 r\u00e9soudre les probl\u00e8mes qui vont se poser \u00e0 lui et l&rsquo;accompagne dans toute l&rsquo;\u00e9volution de la transaction : lev\u00e9e de clauses suspensives, recherche d&rsquo;une place de port, hivernage, assurance, transport, importation&#8230;<\/p>\n\n\n\n<p><strong>Une rigueur \u00e0 toute \u00e9preuve<br><\/strong>Le r\u00f4le du courtier en bateaux de plaisance est de faire r\u00e9aliser par les experts maritimes une \u00e9valuation technique et qualitative des bateaux en vente. Il propose alors un large \u00e9ventail d&rsquo;offres compos\u00e9es d&rsquo;inventaires, de photos, d&rsquo;informations compl\u00e8tes et d&rsquo;avis objectifs sur la qualit\u00e9 et l&rsquo;\u00e9tat des bateaux.<\/p>\n\n\n\n<p><strong>La garantie d&rsquo;un professionnel<br><\/strong>Le courtier en bateaux de plaisance accompagne la transaction en garantissant sa bonne fin aux deux parties repr\u00e9sent\u00e9es (acheteur\/vendeur). Il encaisse les fonds sur un compte de transactions et reverse au vendeur le montant de la vente d\u00e8s lors que la mutation de propri\u00e9t\u00e9 est effective. La vente est toujours propos\u00e9e sous r\u00e9serve d&rsquo;une expertise ne d\u00e9celant pas de vice majeur.<\/p>\n\n\n\n<iframe loading=\"lazy\" width=\"560\" height=\"315\" src=\"https:\/\/www.youtube.com\/embed\/r5Zd1Zkc1_U\" title=\"YouTube video player\" frameborder=\"0\" allow=\"accelerometer; autoplay; clipboard-write; encrypted-media; gyroscope; picture-in-picture\" allowfullscreen=\"\"><\/iframe>\n\n\n\n<h2><strong>UNE EXPERIENCE AU SERVICE DU VENDEUR<\/strong><\/h2>\n\n\n\n<p><strong>Une transaction transparente<br><\/strong>Expert dans le march\u00e9 de l&rsquo;occasion, le courtier en bateaux de plaisance estime la valeur du bien et cr\u00e9e un dossier complet de vente en y int\u00e9grant ses honoraires. Le taux moyen de commission a \u00e9t\u00e9 constat\u00e9 entre 8 et 10% du montant de la transaction. Il peut varier en fonction de la taille du bateau.<\/p>\n\n\n\n<p><strong>La simplicit\u00e9 de vendre son bateau<br><\/strong>Une fois les formalit\u00e9s administratives effectu\u00e9es, le courtier en bateaux de plaisance organise la proc\u00e9dure de vente du bateau : prise en charge du plan de communication, organisation des rendez-vous, visites du bateau, r\u00e9daction d&rsquo;un compromis&#8230; Il accompagne ensuite le vendeur jusqu&rsquo;\u00e0 la bonne fin de la transaction.<\/p>\n\n\n\n<p><strong>Un gain de temps assur\u00e9<br><\/strong>Le courtier en bateaux de plaisance dispose de nombreux outils de communication pour annoncer la mise en vente d&rsquo;un bateau et ainsi rencontrer rapidement des acheteurs potentiels : sites Internet sp\u00e9cialis\u00e9s, salons nautiques, presse sp\u00e9cialis\u00e9e, r\u00e9seaux de brokers&#8230;<\/p>\n","protected":false},"excerpt":{"rendered":"<p>POUR QUE L\u2019ACHETEUR PUISSE LARGUER LES AMARRES EN TOUTE SECURIT\u00c9 Un partenaire conseilD\u00e8s lors qu&rsquo;un particulier a planifi\u00e9 l&rsquo;achat de son bateau, le courtier en bateaux de plaisance analyse ses besoins et cr\u00e9e un cahier des charges. Il aide l&rsquo;acheteur \u00e0 r\u00e9soudre les probl\u00e8mes qui vont se poser \u00e0 lui et l&rsquo;accompagne dans toute l&rsquo;\u00e9volution &hellip; <a href=\"https:\/\/www.nautisea.com\/index.php\/courtage-de-bateaux-de-plaisance\/\" class=\"more-link\">Continuer la lecture<span class=\"screen-reader-text\"> de &laquo;&nbsp;Courtage de bateaux de plaisance&nbsp;&raquo;<\/span><\/a><\/p>\n","protected":false},"author":1,"featured_media":0,"parent":0,"menu_order":0,"comment_status":"closed","ping_status":"closed","template":"","meta":{"ngg_post_thumbnail":0},"yoast_head":"<!-- This site is optimized with the Yoast SEO plugin v18.9 - https:\/\/yoast.com\/wordpress\/plugins\/seo\/ -->\n<title>Courtage de bateaux de plaisance - NautiSea<\/title>\n<meta name=\"robots\" content=\"index, follow, max-snippet:-1, max-image-preview:large, max-video-preview:-1\" \/>\n<link rel=\"canonical\" href=\"https:\/\/www.nautisea.com\/index.php\/courtage-de-bateaux-de-plaisance\/\" \/>\n<meta property=\"og:locale\" content=\"fr_FR\" \/>\n<meta property=\"og:type\" content=\"article\" \/>\n<meta property=\"og:title\" content=\"Courtage de bateaux de plaisance - NautiSea\" \/>\n<meta property=\"og:description\" content=\"POUR QUE L\u2019ACHETEUR PUISSE LARGUER LES AMARRES EN TOUTE SECURIT\u00c9 Un partenaire conseilD\u00e8s lors qu&rsquo;un particulier a planifi\u00e9 l&rsquo;achat de son bateau, le courtier en bateaux de plaisance analyse ses besoins et cr\u00e9e un cahier des charges. Il aide l&rsquo;acheteur \u00e0 r\u00e9soudre les probl\u00e8mes qui vont se poser \u00e0 lui et l&rsquo;accompagne dans toute l&rsquo;\u00e9volution &hellip; Continuer la lecture de &laquo;&nbsp;Courtage de bateaux de plaisance&nbsp;&raquo;\" \/>\n<meta property=\"og:url\" content=\"https:\/\/www.nautisea.com\/index.php\/courtage-de-bateaux-de-plaisance\/\" \/>\n<meta property=\"og:site_name\" content=\"NautiSea\" \/>\n<meta property=\"article:publisher\" content=\"https:\/\/www.facebook.com\/nautiseaTV\" \/>\n<meta property=\"article:modified_time\" content=\"2021-11-02T15:11:48+00:00\" \/>\n<meta name=\"twitter:card\" content=\"summary_large_image\" \/>\n<meta name=\"twitter:label1\" content=\"Dur\u00e9e de lecture estim\u00e9e\" \/>\n\t<meta name=\"twitter:data1\" content=\"2 minutes\" \/>\n<script type=\"application\/ld+json\" class=\"yoast-schema-graph\">{\"@context\":\"https:\/\/schema.org\",\"@graph\":[{\"@type\":\"WebSite\",\"@id\":\"https:\/\/www.nautisea.com\/#website\",\"url\":\"https:\/\/www.nautisea.com\/\",\"name\":\"NautiSea\",\"description\":\"Mer &amp; Bateaux\",\"potentialAction\":[{\"@type\":\"SearchAction\",\"target\":{\"@type\":\"EntryPoint\",\"urlTemplate\":\"https:\/\/www.nautisea.com\/?s={search_term_string}\"},\"query-input\":\"required name=search_term_string\"}],\"inLanguage\":\"fr-FR\"},{\"@type\":\"WebPage\",\"@id\":\"https:\/\/www.nautisea.com\/index.php\/courtage-de-bateaux-de-plaisance\/#webpage\",\"url\":\"https:\/\/www.nautisea.com\/index.php\/courtage-de-bateaux-de-plaisance\/\",\"name\":\"Courtage de bateaux de plaisance - NautiSea\",\"isPartOf\":{\"@id\":\"https:\/\/www.nautisea.com\/#website\"},\"datePublished\":\"2021-10-29T14:06:35+00:00\",\"dateModified\":\"2021-11-02T15:11:48+00:00\",\"breadcrumb\":{\"@id\":\"https:\/\/www.nautisea.com\/index.php\/courtage-de-bateaux-de-plaisance\/#breadcrumb\"},\"inLanguage\":\"fr-FR\",\"potentialAction\":[{\"@type\":\"ReadAction\",\"target\":[\"https:\/\/www.nautisea.com\/index.php\/courtage-de-bateaux-de-plaisance\/\"]}]},{\"@type\":\"BreadcrumbList\",\"@id\":\"https:\/\/www.nautisea.com\/index.php\/courtage-de-bateaux-de-plaisance\/#breadcrumb\",\"itemListElement\":[{\"@type\":\"ListItem\",\"position\":1,\"name\":\"Accueil\",\"item\":\"https:\/\/www.nautisea.com\/\"},{\"@type\":\"ListItem\",\"position\":2,\"name\":\"Courtage de bateaux de plaisance\"}]}]}<\/script>\n<!-- \/ Yoast SEO plugin. -->","yoast_head_json":{"title":"Courtage de bateaux de plaisance - NautiSea","robots":{"index":"index","follow":"follow","max-snippet":"max-snippet:-1","max-image-preview":"max-image-preview:large","max-video-preview":"max-video-preview:-1"},"canonical":"https:\/\/www.nautisea.com\/index.php\/courtage-de-bateaux-de-plaisance\/","og_locale":"fr_FR","og_type":"article","og_title":"Courtage de bateaux de plaisance - NautiSea","og_description":"POUR QUE L\u2019ACHETEUR PUISSE LARGUER LES AMARRES EN TOUTE SECURIT\u00c9 Un partenaire conseilD\u00e8s lors qu&rsquo;un particulier a planifi\u00e9 l&rsquo;achat de son bateau, le courtier en bateaux de plaisance analyse ses besoins et cr\u00e9e un cahier des charges. Il aide l&rsquo;acheteur \u00e0 r\u00e9soudre les probl\u00e8mes qui vont se poser \u00e0 lui et l&rsquo;accompagne dans toute l&rsquo;\u00e9volution &hellip; Continuer la lecture de &laquo;&nbsp;Courtage de bateaux de plaisance&nbsp;&raquo;","og_url":"https:\/\/www.nautisea.com\/index.php\/courtage-de-bateaux-de-plaisance\/","og_site_name":"NautiSea","article_publisher":"https:\/\/www.facebook.com\/nautiseaTV","article_modified_time":"2021-11-02T15:11:48+00:00","twitter_card":"summary_large_image","twitter_misc":{"Dur\u00e9e de lecture estim\u00e9e":"2 minutes"},"schema":{"@context":"https:\/\/schema.org","@graph":[{"@type":"WebSite","@id":"https:\/\/www.nautisea.com\/#website","url":"https:\/\/www.nautisea.com\/","name":"NautiSea","description":"Mer &amp; Bateaux","potentialAction":[{"@type":"SearchAction","target":{"@type":"EntryPoint","urlTemplate":"https:\/\/www.nautisea.com\/?s={search_term_string}"},"query-input":"required name=search_term_string"}],"inLanguage":"fr-FR"},{"@type":"WebPage","@id":"https:\/\/www.nautisea.com\/index.php\/courtage-de-bateaux-de-plaisance\/#webpage","url":"https:\/\/www.nautisea.com\/index.php\/courtage-de-bateaux-de-plaisance\/","name":"Courtage de bateaux de plaisance - NautiSea","isPartOf":{"@id":"https:\/\/www.nautisea.com\/#website"},"datePublished":"2021-10-29T14:06:35+00:00","dateModified":"2021-11-02T15:11:48+00:00","breadcrumb":{"@id":"https:\/\/www.nautisea.com\/index.php\/courtage-de-bateaux-de-plaisance\/#breadcrumb"},"inLanguage":"fr-FR","potentialAction":[{"@type":"ReadAction","target":["https:\/\/www.nautisea.com\/index.php\/courtage-de-bateaux-de-plaisance\/"]}]},{"@type":"BreadcrumbList","@id":"https:\/\/www.nautisea.com\/index.php\/courtage-de-bateaux-de-plaisance\/#breadcrumb","itemListElement":[{"@type":"ListItem","position":1,"name":"Accueil","item":"https:\/\/www.nautisea.com\/"},{"@type":"ListItem","position":2,"name":"Courtage de bateaux de plaisance"}]}]}},"_links":{"self":[{"href":"https:\/\/www.nautisea.com\/index.php\/wp-json\/wp\/v2\/pages\/771"}],"collection":[{"href":"https:\/\/www.nautisea.com\/index.php\/wp-json\/wp\/v2\/pages"}],"about":[{"href":"https:\/\/www.nautisea.com\/index.php\/wp-json\/wp\/v2\/types\/page"}],"author":[{"embeddable":true,"href":"https:\/\/www.nautisea.com\/index.php\/wp-json\/wp\/v2\/users\/1"}],"replies":[{"embeddable":true,"href":"https:\/\/www.nautisea.com\/index.php\/wp-json\/wp\/v2\/comments?post=771"}],"version-history":[{"count":3,"href":"https:\/\/www.nautisea.com\/index.php\/wp-json\/wp\/v2\/pages\/771\/revisions"}],"predecessor-version":[{"id":795,"href":"https:\/\/www.nautisea.com\/index.php\/wp-json\/wp\/v2\/pages\/771\/revisions\/795"}],"wp:attachment":[{"href":"https:\/\/www.nautisea.com\/index.php\/wp-json\/wp\/v2\/media?parent=771"}],"curies":[{"name":"wp","href":"https:\/\/api.w.org\/{rel}","templated":true}]}}