{"id":745,"date":"2021-10-21T17:32:06","date_gmt":"2021-10-21T15:32:06","guid":{"rendered":"http:\/\/www.nautisea.com\/?page_id=745"},"modified":"2021-10-27T17:03:12","modified_gmt":"2021-10-27T15:03:12","slug":"vous-vendez-votre-bateau","status":"publish","type":"page","link":"https:\/\/www.nautisea.com\/index.php\/vous-vendez-votre-bateau\/","title":{"rendered":"Vous vendez votre bateau?"},"content":{"rendered":"\n<p>Nous pouvons vous aider \u00e0 vendre votre voilier (ou bateau \u00e0 moteur), \u00e0 flot, ou \u00e0 sec avec notre partenaire Port Maritima. Nous couvrons la zone de Marseille \u00e0 Port St Louis du Rh\u00f4ne.<\/p>\n\n\n\n<iframe loading=\"lazy\" src=\"https:\/\/docs.google.com\/forms\/d\/e\/1FAIpQLScRyzAXELpnuJMcmCS3BQymvQjhh6H6O3szphChudgPde9kMA\/viewform?embedded=true\" width=\"640\" height=\"1900\" frameborder=\"0\" marginheight=\"0\" marginwidth=\"0\">Chargement\u2026<\/iframe>\n","protected":false},"excerpt":{"rendered":"<p>Nous pouvons vous aider \u00e0 vendre votre voilier (ou bateau \u00e0 moteur), \u00e0 flot, ou \u00e0 sec avec notre partenaire Port Maritima. Nous couvrons la zone de Marseille \u00e0 Port St Louis du Rh\u00f4ne. Chargement\u2026<\/p>\n","protected":false},"author":1,"featured_media":0,"parent":0,"menu_order":0,"comment_status":"closed","ping_status":"closed","template":"","meta":{"ngg_post_thumbnail":0},"yoast_head":"<!-- This site is optimized with the Yoast SEO plugin v18.9 - https:\/\/yoast.com\/wordpress\/plugins\/seo\/ -->\n<title>Vous vendez votre bateau? - NautiSea<\/title>\n<meta name=\"robots\" content=\"index, follow, max-snippet:-1, max-image-preview:large, max-video-preview:-1\" \/>\n<link rel=\"canonical\" href=\"https:\/\/www.nautisea.com\/index.php\/vous-vendez-votre-bateau\/\" \/>\n<meta property=\"og:locale\" content=\"fr_FR\" \/>\n<meta property=\"og:type\" content=\"article\" \/>\n<meta property=\"og:title\" content=\"Vous vendez votre bateau? - NautiSea\" \/>\n<meta property=\"og:description\" content=\"Nous pouvons vous aider \u00e0 vendre votre voilier (ou bateau \u00e0 moteur), \u00e0 flot, ou \u00e0 sec avec notre partenaire Port Maritima. Nous couvrons la zone de Marseille \u00e0 Port St Louis du Rh\u00f4ne. Chargement\u2026\" \/>\n<meta property=\"og:url\" content=\"https:\/\/www.nautisea.com\/index.php\/vous-vendez-votre-bateau\/\" \/>\n<meta property=\"og:site_name\" content=\"NautiSea\" \/>\n<meta property=\"article:publisher\" content=\"https:\/\/www.facebook.com\/nautiseaTV\" \/>\n<meta property=\"article:modified_time\" content=\"2021-10-27T15:03:12+00:00\" \/>\n<meta name=\"twitter:card\" content=\"summary_large_image\" \/>\n<script type=\"application\/ld+json\" class=\"yoast-schema-graph\">{\"@context\":\"https:\/\/schema.org\",\"@graph\":[{\"@type\":\"WebSite\",\"@id\":\"https:\/\/www.nautisea.com\/#website\",\"url\":\"https:\/\/www.nautisea.com\/\",\"name\":\"NautiSea\",\"description\":\"Mer &amp; Bateaux\",\"potentialAction\":[{\"@type\":\"SearchAction\",\"target\":{\"@type\":\"EntryPoint\",\"urlTemplate\":\"https:\/\/www.nautisea.com\/?s={search_term_string}\"},\"query-input\":\"required name=search_term_string\"}],\"inLanguage\":\"fr-FR\"},{\"@type\":\"WebPage\",\"@id\":\"https:\/\/www.nautisea.com\/index.php\/vous-vendez-votre-bateau\/#webpage\",\"url\":\"https:\/\/www.nautisea.com\/index.php\/vous-vendez-votre-bateau\/\",\"name\":\"Vous vendez votre bateau? - NautiSea\",\"isPartOf\":{\"@id\":\"https:\/\/www.nautisea.com\/#website\"},\"datePublished\":\"2021-10-21T15:32:06+00:00\",\"dateModified\":\"2021-10-27T15:03:12+00:00\",\"breadcrumb\":{\"@id\":\"https:\/\/www.nautisea.com\/index.php\/vous-vendez-votre-bateau\/#breadcrumb\"},\"inLanguage\":\"fr-FR\",\"potentialAction\":[{\"@type\":\"ReadAction\",\"target\":[\"https:\/\/www.nautisea.com\/index.php\/vous-vendez-votre-bateau\/\"]}]},{\"@type\":\"BreadcrumbList\",\"@id\":\"https:\/\/www.nautisea.com\/index.php\/vous-vendez-votre-bateau\/#breadcrumb\",\"itemListElement\":[{\"@type\":\"ListItem\",\"position\":1,\"name\":\"Accueil\",\"item\":\"https:\/\/www.nautisea.com\/\"},{\"@type\":\"ListItem\",\"position\":2,\"name\":\"Vous vendez votre bateau?\"}]}]}<\/script>\n<!-- \/ Yoast SEO plugin. -->","yoast_head_json":{"title":"Vous vendez votre bateau? - NautiSea","robots":{"index":"index","follow":"follow","max-snippet":"max-snippet:-1","max-image-preview":"max-image-preview:large","max-video-preview":"max-video-preview:-1"},"canonical":"https:\/\/www.nautisea.com\/index.php\/vous-vendez-votre-bateau\/","og_locale":"fr_FR","og_type":"article","og_title":"Vous vendez votre bateau? - NautiSea","og_description":"Nous pouvons vous aider \u00e0 vendre votre voilier (ou bateau \u00e0 moteur), \u00e0 flot, ou \u00e0 sec avec notre partenaire Port Maritima. Nous couvrons la zone de Marseille \u00e0 Port St Louis du Rh\u00f4ne. Chargement\u2026","og_url":"https:\/\/www.nautisea.com\/index.php\/vous-vendez-votre-bateau\/","og_site_name":"NautiSea","article_publisher":"https:\/\/www.facebook.com\/nautiseaTV","article_modified_time":"2021-10-27T15:03:12+00:00","twitter_card":"summary_large_image","schema":{"@context":"https:\/\/schema.org","@graph":[{"@type":"WebSite","@id":"https:\/\/www.nautisea.com\/#website","url":"https:\/\/www.nautisea.com\/","name":"NautiSea","description":"Mer &amp; Bateaux","potentialAction":[{"@type":"SearchAction","target":{"@type":"EntryPoint","urlTemplate":"https:\/\/www.nautisea.com\/?s={search_term_string}"},"query-input":"required name=search_term_string"}],"inLanguage":"fr-FR"},{"@type":"WebPage","@id":"https:\/\/www.nautisea.com\/index.php\/vous-vendez-votre-bateau\/#webpage","url":"https:\/\/www.nautisea.com\/index.php\/vous-vendez-votre-bateau\/","name":"Vous vendez votre bateau? - NautiSea","isPartOf":{"@id":"https:\/\/www.nautisea.com\/#website"},"datePublished":"2021-10-21T15:32:06+00:00","dateModified":"2021-10-27T15:03:12+00:00","breadcrumb":{"@id":"https:\/\/www.nautisea.com\/index.php\/vous-vendez-votre-bateau\/#breadcrumb"},"inLanguage":"fr-FR","potentialAction":[{"@type":"ReadAction","target":["https:\/\/www.nautisea.com\/index.php\/vous-vendez-votre-bateau\/"]}]},{"@type":"BreadcrumbList","@id":"https:\/\/www.nautisea.com\/index.php\/vous-vendez-votre-bateau\/#breadcrumb","itemListElement":[{"@type":"ListItem","position":1,"name":"Accueil","item":"https:\/\/www.nautisea.com\/"},{"@type":"ListItem","position":2,"name":"Vous vendez votre bateau?"}]}]}},"_links":{"self":[{"href":"https:\/\/www.nautisea.com\/index.php\/wp-json\/wp\/v2\/pages\/745"}],"collection":[{"href":"https:\/\/www.nautisea.com\/index.php\/wp-json\/wp\/v2\/pages"}],"about":[{"href":"https:\/\/www.nautisea.com\/index.php\/wp-json\/wp\/v2\/types\/page"}],"author":[{"embeddable":true,"href":"https:\/\/www.nautisea.com\/index.php\/wp-json\/wp\/v2\/users\/1"}],"replies":[{"embeddable":true,"href":"https:\/\/www.nautisea.com\/index.php\/wp-json\/wp\/v2\/comments?post=745"}],"version-history":[{"count":18,"href":"https:\/\/www.nautisea.com\/index.php\/wp-json\/wp\/v2\/pages\/745\/revisions"}],"predecessor-version":[{"id":774,"href":"https:\/\/www.nautisea.com\/index.php\/wp-json\/wp\/v2\/pages\/745\/revisions\/774"}],"wp:attachment":[{"href":"https:\/\/www.nautisea.com\/index.php\/wp-json\/wp\/v2\/media?parent=745"}],"curies":[{"name":"wp","href":"https:\/\/api.w.org\/{rel}","templated":true}]}}